{"id":541,"date":"2026-01-27T15:48:54","date_gmt":"2026-01-27T12:48:54","guid":{"rendered":"https:\/\/dinarholdinggroup.com\/about\/"},"modified":"2026-02-28T00:22:39","modified_gmt":"2026-02-27T21:22:39","slug":"dinar-holding-group","status":"publish","type":"page","link":"https:\/\/dinarholdinggroup.com\/tr\/dinar-holding-group\/","title":{"rendered":"About d\u0131nar"},"content":{"rendered":"\t\t<div data-elementor-type=\"wp-post\" data-elementor-id=\"541\" class=\"elementor elementor-541\">\n\t\t\t\t<div class=\"elementor-element elementor-element-5f02ddf e-flex e-con-boxed e-con e-parent\" data-id=\"5f02ddf\" data-element_type=\"container\" data-e-type=\"container\" data-settings=\"{&quot;background_background&quot;:&quot;classic&quot;}\">\n\t\t\t\t\t<div class=\"e-con-inner\">\n\t\t<div class=\"elementor-element elementor-element-0502d81 e-con-full e-flex e-con e-child\" data-id=\"0502d81\" data-element_type=\"container\" data-e-type=\"container\">\n\t\t\t\t<div class=\"elementor-element elementor-element-03d202b elementor-widget elementor-widget-heading\" data-id=\"03d202b\" data-element_type=\"widget\" data-e-type=\"widget\" data-widget_type=\"heading.default\">\n\t\t\t\t<div class=\"elementor-widget-container\">\n\t\t\t\t\t<h1 class=\"elementor-heading-title elementor-size-default\"><a href=\"https:\/\/youtube.com\/@dinarmedia-j1k?si=sfPQd-Td3oIyGzSe\" target=\"_blank\">ABOUT DINAR<\/a><\/h1>\t\t\t\t<\/div>\n\t\t\t\t<\/div>\n\t\t\t\t<\/div>\n\t\t\t\t\t<\/div>\n\t\t\t\t<\/div>\n\t\t<div class=\"elementor-element elementor-element-ce23579 e-flex e-con-boxed e-con e-parent\" data-id=\"ce23579\" data-element_type=\"container\" data-e-type=\"container\">\n\t\t\t\t\t<div class=\"e-con-inner\">\n\t\t<div class=\"elementor-element elementor-element-89a7aec e-con-full e-flex e-con e-child\" data-id=\"89a7aec\" data-element_type=\"container\" data-e-type=\"container\">\n\t\t\t\t<div class=\"elementor-element elementor-element-a01f0dc elementor-widget elementor-widget-heading\" data-id=\"a01f0dc\" data-element_type=\"widget\" data-e-type=\"widget\" data-widget_type=\"heading.default\">\n\t\t\t\t<div class=\"elementor-widget-container\">\n\t\t\t\t\t<h2 class=\"elementor-heading-title elementor-size-default\"><a href=\"https:\/\/youtube.com\/@dinarmedia-j1k?si=sfPQd-Td3oIyGzSe\" target=\"_blank\">D\u0130NAR HOLD\u0130NG GROUP<\/a><\/h2>\t\t\t\t<\/div>\n\t\t\t\t<\/div>\n\t\t\t\t<div class=\"elementor-element elementor-element-c43b3dd elementor-widget-divider--view-line elementor-widget elementor-widget-divider\" data-id=\"c43b3dd\" data-element_type=\"widget\" data-e-type=\"widget\" data-widget_type=\"divider.default\">\n\t\t\t\t<div class=\"elementor-widget-container\">\n\t\t\t\t\t\t\t<div class=\"elementor-divider\">\n\t\t\t<span class=\"elementor-divider-separator\">\n\t\t\t\t\t\t<\/span>\n\t\t<\/div>\n\t\t\t\t\t\t<\/div>\n\t\t\t\t<\/div>\n\t\t\t\t<div class=\"elementor-element elementor-element-e871351 elementor-widget elementor-widget-text-editor\" data-id=\"e871351\" data-element_type=\"widget\" data-e-type=\"widget\" data-widget_type=\"text-editor.default\">\n\t\t\t\t<div class=\"elementor-widget-container\">\n\t\t\t\t\t\t\t\t\t<p data-start=\"55\" data-end=\"85\">\u00a0<\/p><p data-start=\"39\" data-end=\"53\"><strong data-start=\"39\" data-end=\"53\">Who We Are<\/strong><\/p>\t\t\t\t\t\t\t\t<\/div>\n\t\t\t\t<\/div>\n\t\t\t\t<div class=\"elementor-element elementor-element-0244f25 elementor-widget elementor-widget-text-editor\" data-id=\"0244f25\" data-element_type=\"widget\" data-e-type=\"widget\" data-widget_type=\"text-editor.default\">\n\t\t\t\t<div class=\"elementor-widget-container\">\n\t\t\t\t\t\t\t\t\t<p data-start=\"49\" data-end=\"515\"><strong data-start=\"49\" data-end=\"515\">Dinar Holding Group in Turkey represents a promising investment platform focused on developing and managing projects with sustainable returns across the tourism and travel, overseas medical services, and digital media sectors, in addition to real estate and investment. The Group adopts a disciplined approach to opportunity assessment, strategic partnerships, and efficient risk management, enhancing capital growth and delivering long-term value for investors.<\/strong><\/p><p data-start=\"517\" data-end=\"526\">\u00a0<\/p>\t\t\t\t\t\t\t\t<\/div>\n\t\t\t\t<\/div>\n\t\t\t\t<\/div>\n\t\t<div class=\"elementor-element elementor-element-e8e4600 e-con-full e-flex e-con e-child\" data-id=\"e8e4600\" data-element_type=\"container\" data-e-type=\"container\">\n\t\t\t\t<div class=\"elementor-element elementor-element-6060d91 elementor-widget elementor-widget-image\" data-id=\"6060d91\" data-element_type=\"widget\" data-e-type=\"widget\" data-widget_type=\"image.default\">\n\t\t\t\t<div class=\"elementor-widget-container\">\n\t\t\t\t\t\t\t\t\t\t\t\t\t\t\t<img fetchpriority=\"high\" decoding=\"async\" width=\"2560\" height=\"1707\" src=\"https:\/\/dinarholdinggroup.com\/wp-content\/uploads\/2026\/01\/pexels-julianverafilm-3828833-scaled.jpg\" class=\"attachment-full size-full wp-image-1625\" alt=\"pexels julianverafilm 3828833\" srcset=\"https:\/\/dinarholdinggroup.com\/wp-content\/uploads\/2026\/01\/pexels-julianverafilm-3828833-scaled.jpg 2560w, https:\/\/dinarholdinggroup.com\/wp-content\/uploads\/2026\/01\/pexels-julianverafilm-3828833-300x200.jpg 300w, https:\/\/dinarholdinggroup.com\/wp-content\/uploads\/2026\/01\/pexels-julianverafilm-3828833-1024x683.jpg 1024w, https:\/\/dinarholdinggroup.com\/wp-content\/uploads\/2026\/01\/pexels-julianverafilm-3828833-768x512.jpg 768w, https:\/\/dinarholdinggroup.com\/wp-content\/uploads\/2026\/01\/pexels-julianverafilm-3828833-1536x1024.jpg 1536w, https:\/\/dinarholdinggroup.com\/wp-content\/uploads\/2026\/01\/pexels-julianverafilm-3828833-2048x1365.jpg 2048w\" sizes=\"(max-width: 2560px) 100vw, 2560px\" title=\"About d\u0131nar\">\t\t\t\t\t\t\t\t\t\t\t\t\t\t\t<\/div>\n\t\t\t\t<\/div>\n\t\t\t\t<\/div>\n\t\t\t\t\t<\/div>\n\t\t\t\t<\/div>\n\t\t<div class=\"elementor-element elementor-element-8195a0d e-flex e-con-boxed e-con e-parent\" data-id=\"8195a0d\" data-element_type=\"container\" data-e-type=\"container\">\n\t\t\t\t\t<div class=\"e-con-inner\">\n\t\t<div class=\"elementor-element elementor-element-c48d12f e-con-full e-flex e-con e-child\" data-id=\"c48d12f\" data-element_type=\"container\" data-e-type=\"container\">\n\t\t\t\t<div class=\"elementor-element elementor-element-491f841 elementor-widget elementor-widget-heading\" data-id=\"491f841\" data-element_type=\"widget\" data-e-type=\"widget\" data-widget_type=\"heading.default\">\n\t\t\t\t<div class=\"elementor-widget-container\">\n\t\t\t\t\t<h4 class=\"elementor-heading-title elementor-size-default\">Extraordinary Experiences<\/h4>\t\t\t\t<\/div>\n\t\t\t\t<\/div>\n\t\t\t\t<div class=\"elementor-element elementor-element-7beb61e elementor-widget-divider--view-line elementor-widget elementor-widget-divider\" data-id=\"7beb61e\" data-element_type=\"widget\" data-e-type=\"widget\" data-widget_type=\"divider.default\">\n\t\t\t\t<div class=\"elementor-widget-container\">\n\t\t\t\t\t\t\t<div class=\"elementor-divider\">\n\t\t\t<span class=\"elementor-divider-separator\">\n\t\t\t\t\t\t<\/span>\n\t\t<\/div>\n\t\t\t\t\t\t<\/div>\n\t\t\t\t<\/div>\n\t\t\t\t<div class=\"elementor-element elementor-element-c5cd51e elementor-widget elementor-widget-text-editor\" data-id=\"c5cd51e\" data-element_type=\"widget\" data-e-type=\"widget\" data-widget_type=\"text-editor.default\">\n\t\t\t\t<div class=\"elementor-widget-container\">\n\t\t\t\t\t\t\t\t\t<p data-start=\"110\" data-end=\"493\">At Dinar Holding Group, we create extraordinary experiences by delivering integrated services and investment-driven solutions that exceed expectations. Through innovation, quality, and strategic partnerships, we transform opportunities across our sectors into impactful experiences that generate lasting value for our clients, partners, and investors.<\/p><p data-start=\"495\" data-end=\"504\">\u00a0<\/p>\t\t\t\t\t\t\t\t<\/div>\n\t\t\t\t<\/div>\n\t\t\t\t<\/div>\n\t\t<div class=\"elementor-element elementor-element-d47d4cd e-con-full e-flex e-con e-child\" data-id=\"d47d4cd\" data-element_type=\"container\" data-e-type=\"container\">\n\t\t\t\t<div class=\"elementor-element elementor-element-bf795e2 elementor-widget elementor-widget-heading\" data-id=\"bf795e2\" data-element_type=\"widget\" data-e-type=\"widget\" data-widget_type=\"heading.default\">\n\t\t\t\t<div class=\"elementor-widget-container\">\n\t\t\t\t\t<h4 class=\"elementor-heading-title elementor-size-default\">Our Core Values<\/h4>\t\t\t\t<\/div>\n\t\t\t\t<\/div>\n\t\t\t\t<div class=\"elementor-element elementor-element-ae16dd8 elementor-widget-divider--view-line elementor-widget elementor-widget-divider\" data-id=\"ae16dd8\" data-element_type=\"widget\" data-e-type=\"widget\" data-widget_type=\"divider.default\">\n\t\t\t\t<div class=\"elementor-widget-container\">\n\t\t\t\t\t\t\t<div class=\"elementor-divider\">\n\t\t\t<span class=\"elementor-divider-separator\">\n\t\t\t\t\t\t<\/span>\n\t\t<\/div>\n\t\t\t\t\t\t<\/div>\n\t\t\t\t<\/div>\n\t\t\t\t<div class=\"elementor-element elementor-element-8c4a333 elementor-widget elementor-widget-text-editor\" data-id=\"8c4a333\" data-element_type=\"widget\" data-e-type=\"widget\" data-widget_type=\"text-editor.default\">\n\t\t\t\t<div class=\"elementor-widget-container\">\n\t\t\t\t\t\t\t\t\t<p data-start=\"157\" data-end=\"600\">At Dinar Holding Group, our core values guide every investment decision and operational practice. We are committed to integrity and transparency, disciplined investment and risk management, and long-term value creation.<\/p><p data-start=\"157\" data-end=\"600\">\u00a0Through strategic thinking, strong partnerships, and a focus on performance and sustainability, we aim to protect capital, enhance returns, and build trusted, enduring relationships with our investors.<\/p>\t\t\t\t\t\t\t\t<\/div>\n\t\t\t\t<\/div>\n\t\t\t\t<div class=\"elementor-element elementor-element-0179544 elementor-icon-list--layout-traditional elementor-list-item-link-full_width elementor-widget elementor-widget-icon-list\" data-id=\"0179544\" data-element_type=\"widget\" data-e-type=\"widget\" data-widget_type=\"icon-list.default\">\n\t\t\t\t<div class=\"elementor-widget-container\">\n\t\t\t\t\t\t\t<ul class=\"elementor-icon-list-items\">\n\t\t\t\t\t\t\t<li class=\"elementor-icon-list-item\">\n\t\t\t\t\t\t\t\t\t\t\t<span class=\"elementor-icon-list-icon\">\n\t\t\t\t\t\t\t<i aria-hidden=\"true\" class=\"fas fa-minus\"><\/i>\t\t\t\t\t\t<\/span>\n\t\t\t\t\t\t\t\t\t\t<span class=\"elementor-icon-list-text\"><strong data-start=\"91\" data-end=\"119\">Integrity &amp; Transparency<\/strong><\/span>\n\t\t\t\t\t\t\t\t\t<\/li>\n\t\t\t\t\t\t\t\t<li class=\"elementor-icon-list-item\">\n\t\t\t\t\t\t\t\t\t\t\t<span class=\"elementor-icon-list-icon\">\n\t\t\t\t\t\t\t<i aria-hidden=\"true\" class=\"fas fa-minus\"><\/i>\t\t\t\t\t\t<\/span>\n\t\t\t\t\t\t\t\t\t\t<span class=\"elementor-icon-list-text\"><strong data-start=\"236\" data-end=\"280\">Disciplined Investment &amp; Risk Management<\/strong><\/span>\n\t\t\t\t\t\t\t\t\t<\/li>\n\t\t\t\t\t\t\t\t<li class=\"elementor-icon-list-item\">\n\t\t\t\t\t\t\t\t\t\t\t<span class=\"elementor-icon-list-icon\">\n\t\t\t\t\t\t\t<i aria-hidden=\"true\" class=\"fas fa-minus\"><\/i>\t\t\t\t\t\t<\/span>\n\t\t\t\t\t\t\t\t\t\t<span class=\"elementor-icon-list-text\"><strong data-start=\"389\" data-end=\"417\">Long-Term Value Creation<\/strong><\/span>\n\t\t\t\t\t\t\t\t\t<\/li>\n\t\t\t\t\t\t<\/ul>\n\t\t\t\t\t\t<\/div>\n\t\t\t\t<\/div>\n\t\t\t\t<\/div>\n\t\t\t\t\t<\/div>\n\t\t\t\t<\/div>\n\t\t<div class=\"elementor-element elementor-element-3c65a9c e-flex e-con-boxed e-con e-parent\" data-id=\"3c65a9c\" data-element_type=\"container\" data-e-type=\"container\">\n\t\t\t\t\t<div class=\"e-con-inner\">\n\t\t\t\t<div class=\"elementor-element elementor-element-aa56c84 elementor-widget elementor-widget-wpforms\" data-id=\"aa56c84\" data-element_type=\"widget\" data-e-type=\"widget\" data-widget_type=\"wpforms.default\">\n\t\t\t\t<div class=\"elementor-widget-container\">\n\t\t\t\t\t<div class=\"wpforms-container \" id=\"wpforms-7\"><form id=\"wpforms-form-7\" class=\"wpforms-validate wpforms-form\" data-formid=\"7\" method=\"post\" enctype=\"multipart\/form-data\" action=\"\/tr\/wp-json\/wp\/v2\/pages\/541\" data-token=\"77335e1b1d4933477fdab421a4beec7b\" data-token-time=\"1777527471\"><noscript class=\"wpforms-error-noscript\">Bu formu bitirebilmek i\u00e7in taray\u0131c\u0131n\u0131zda JavaScript&#039;i etkinle\u015ftirin.<\/noscript><div class=\"wpforms-field-container\"><div id=\"wpforms-7-field_0-container\" class=\"wpforms-field wpforms-field-name\" data-field-id=\"0\"><label class=\"wpforms-field-label wpforms-label-hide\" for=\"wpforms-7-field_0\">Your Name  <span class=\"wpforms-required-label\">*<\/span><\/label><input type=\"text\" id=\"wpforms-7-field_0\" class=\"wpforms-field-large wpforms-field-required\" name=\"wpforms[fields][0]\" placeholder=\"Your Name \" required><\/div><div id=\"wpforms-7-field_1-container\" class=\"wpforms-field wpforms-field-email\" data-field-id=\"1\"><label class=\"wpforms-field-label wpforms-label-hide\" for=\"wpforms-7-field_1\">Email <span class=\"wpforms-required-label\">*<\/span><\/label><input type=\"email\" id=\"wpforms-7-field_1\" class=\"wpforms-field-large wpforms-field-required\" name=\"wpforms[fields][1]\" placeholder=\"Email Address\" spellcheck=\"false\" required><\/div><div id=\"wpforms-7-field_2-container\" class=\"wpforms-field wpforms-field-textarea\" data-field-id=\"2\"><label class=\"wpforms-field-label wpforms-label-hide\" for=\"wpforms-7-field_2\">Your Message <span class=\"wpforms-required-label\">*<\/span><\/label><textarea id=\"wpforms-7-field_2\" class=\"wpforms-field-medium wpforms-field-required\" name=\"wpforms[fields][2]\" placeholder=\"Message\" required><\/textarea><\/div><\/div><!-- .wpforms-field-container --><div class=\"wpforms-field wpforms-field-hp\"><label for=\"wpforms-7-field-hp\" class=\"wpforms-field-label\">Email<\/label><input type=\"text\" name=\"wpforms[hp]\" id=\"wpforms-7-field-hp\" class=\"wpforms-field-medium\"><\/div><div class=\"wpforms-submit-container\" ><input type=\"hidden\" name=\"wpforms[id]\" value=\"7\"><input type=\"hidden\" name=\"page_title\" value=\"\"><input type=\"hidden\" name=\"page_url\" value=\"https:\/\/dinarholdinggroup.com\/tr\/wp-json\/wp\/v2\/pages\/541\"><input type=\"hidden\" name=\"url_referer\" value=\"\"><button type=\"submit\" name=\"wpforms[submit]\" id=\"wpforms-submit-7\" class=\"wpforms-submit\" data-alt-text=\"Sending...\" data-submit-text=\"SEND MESSAGE\" aria-live=\"assertive\" value=\"wpforms-submit\">SEND MESSAGE<\/button><\/div><\/form><\/div>  <!-- .wpforms-container -->\t\t\t\t<\/div>\n\t\t\t\t<\/div>\n\t\t\t\t\t<\/div>\n\t\t\t\t<\/div>\n\t\t<div class=\"elementor-element elementor-element-88762aa e-flex e-con-boxed e-con e-parent\" data-id=\"88762aa\" data-element_type=\"container\" data-e-type=\"container\">\n\t\t\t\t\t<div class=\"e-con-inner\">\n\t\t\t\t<div class=\"elementor-element elementor-element-91d6e9e elementor-widget elementor-widget-google_maps\" data-id=\"91d6e9e\" data-element_type=\"widget\" data-e-type=\"widget\" data-widget_type=\"google_maps.default\">\n\t\t\t\t<div class=\"elementor-widget-container\">\n\t\t\t\t\t\t\t<div class=\"elementor-custom-embed\">\n\t\t\t<iframe loading=\"lazy\"\n\t\t\t\t\tsrc=\"https:\/\/maps.google.com\/maps?q=%C5%9Eehit%20Muhtar%2C%20Tarlaba%C5%9F%C4%B1%20Blv%20no%20150%2C%2034435%20Beyo%C4%9Flu%2F%D8%A5%D8%B3%D8%B7%D9%86%D8%A8%D9%88%D9%84%D8%8C%20%D8%AA%D8%B1%D9%83%D9%8A%D8%A7&#038;t=m&#038;z=16&#038;output=embed&#038;iwloc=near\"\n\t\t\t\t\ttitle=\"\u015eehit Muhtar, Tarlaba\u015f\u0131 Blv no 150, 34435 Beyo\u011flu\/\u0625\u0633\u0637\u0646\u0628\u0648\u0644\u060c \u062a\u0631\u0643\u064a\u0627\"\n\t\t\t\t\taria-label=\"\u015eehit Muhtar, Tarlaba\u015f\u0131 Blv no 150, 34435 Beyo\u011flu\/\u0625\u0633\u0637\u0646\u0628\u0648\u0644\u060c \u062a\u0631\u0643\u064a\u0627\"\n\t\t\t><\/iframe>\n\t\t<\/div>\n\t\t\t\t\t\t<\/div>\n\t\t\t\t<\/div>\n\t\t\t\t\t<\/div>\n\t\t\t\t<\/div>\n\t\t\t\t<\/div>\n\t\t","protected":false},"excerpt":{"rendered":"<p>ABOUT DINAR D\u0130NAR HOLD\u0130NG GROUP \u00a0 Who We Are Dinar Holding Group in Turkey represents a promising investment platform focused on developing and managing projects with sustainable returns across the tourism and travel, overseas medical services, and digital media sectors, in addition to real estate and investment. The Group adopts a disciplined approach to opportunity [&hellip;]<\/p>\n","protected":false},"author":1,"featured_media":0,"parent":0,"menu_order":0,"comment_status":"closed","ping_status":"closed","template":"","meta":{"saved_in_kubio":false,"_monsterinsights_skip_tracking":false,"_monsterinsights_sitenote_active":false,"_monsterinsights_sitenote_note":"","_monsterinsights_sitenote_category":0,"_uf_show_specific_survey":0,"_uf_disable_surveys":false,"_joinchat":[],"footnotes":""},"class_list":["post-541","page","type-page","status-publish","hentry"],"aioseo_notices":[],"kubio_ai_page_context":{"short_desc":"","purpose":"general"},"yoast_head":"<!-- This site is optimized with the Yoast SEO plugin v27.4 - https:\/\/yoast.com\/product\/yoast-seo-wordpress\/ -->\n<title>Dinar Holding Group<\/title>\n<meta name=\"description\" content=\"Dinar Holding Group is an investment and holding company operating in real estate, tourism, medical, and investment services\" \/>\n<meta name=\"robots\" content=\"index, follow, max-snippet:-1, max-image-preview:large, max-video-preview:-1\" \/>\n<link rel=\"canonical\" href=\"https:\/\/dinarholdinggroup.com\/tr\/dinar-holding-group\/\" \/>\n<meta property=\"og:locale\" content=\"tr_TR\" \/>\n<meta property=\"og:type\" content=\"article\" \/>\n<meta property=\"og:title\" content=\"Dinar Holding Group\" \/>\n<meta property=\"og:description\" content=\"Dinar Holding Group is an investment and holding company operating in real estate, tourism, medical, and investment services\" \/>\n<meta property=\"og:url\" content=\"https:\/\/dinarholdinggroup.com\/tr\/dinar-holding-group\/\" \/>\n<meta property=\"og:site_name\" content=\"dinar holding group\" \/>\n<meta property=\"article:modified_time\" content=\"2026-02-27T21:22:39+00:00\" \/>\n<meta property=\"og:image\" content=\"https:\/\/dinarholdinggroup.com\/wp-content\/uploads\/2026\/01\/pexels-julianverafilm-3828833-scaled.jpg\" \/>\n<meta name=\"twitter:card\" content=\"summary_large_image\" \/>\n<meta name=\"twitter:label1\" content=\"Tahmini okuma s\u00fcresi\" \/>\n\t<meta name=\"twitter:data1\" content=\"2 dakika\" \/>\n<script type=\"application\/ld+json\" class=\"yoast-schema-graph\">{\"@context\":\"https:\\\/\\\/schema.org\",\"@graph\":[{\"@type\":\"WebPage\",\"@id\":\"https:\\\/\\\/dinarholdinggroup.com\\\/dinar-holding-group\\\/\",\"url\":\"https:\\\/\\\/dinarholdinggroup.com\\\/dinar-holding-group\\\/\",\"name\":\"Dinar Holding Group\",\"isPartOf\":{\"@id\":\"https:\\\/\\\/dinarholdinggroup.com\\\/#website\"},\"primaryImageOfPage\":{\"@id\":\"https:\\\/\\\/dinarholdinggroup.com\\\/dinar-holding-group\\\/#primaryimage\"},\"image\":{\"@id\":\"https:\\\/\\\/dinarholdinggroup.com\\\/dinar-holding-group\\\/#primaryimage\"},\"thumbnailUrl\":\"https:\\\/\\\/dinarholdinggroup.com\\\/wp-content\\\/uploads\\\/2026\\\/01\\\/pexels-julianverafilm-3828833-scaled.jpg\",\"datePublished\":\"2026-01-27T12:48:54+00:00\",\"dateModified\":\"2026-02-27T21:22:39+00:00\",\"description\":\"Dinar Holding Group is an investment and holding company operating in real estate, tourism, medical, and investment services\",\"breadcrumb\":{\"@id\":\"https:\\\/\\\/dinarholdinggroup.com\\\/dinar-holding-group\\\/#breadcrumb\"},\"inLanguage\":\"tr\",\"potentialAction\":[{\"@type\":\"ReadAction\",\"target\":[\"https:\\\/\\\/dinarholdinggroup.com\\\/dinar-holding-group\\\/\"]}]},{\"@type\":\"ImageObject\",\"inLanguage\":\"tr\",\"@id\":\"https:\\\/\\\/dinarholdinggroup.com\\\/dinar-holding-group\\\/#primaryimage\",\"url\":\"https:\\\/\\\/dinarholdinggroup.com\\\/wp-content\\\/uploads\\\/2026\\\/01\\\/pexels-julianverafilm-3828833-scaled.jpg\",\"contentUrl\":\"https:\\\/\\\/dinarholdinggroup.com\\\/wp-content\\\/uploads\\\/2026\\\/01\\\/pexels-julianverafilm-3828833-scaled.jpg\"},{\"@type\":\"BreadcrumbList\",\"@id\":\"https:\\\/\\\/dinarholdinggroup.com\\\/dinar-holding-group\\\/#breadcrumb\",\"itemListElement\":[{\"@type\":\"ListItem\",\"position\":1,\"name\":\"Home\",\"item\":\"https:\\\/\\\/dinarholdinggroup.com\\\/\"},{\"@type\":\"ListItem\",\"position\":2,\"name\":\"About d\u0131nar\"}]},{\"@type\":\"WebSite\",\"@id\":\"https:\\\/\\\/dinarholdinggroup.com\\\/#website\",\"url\":\"https:\\\/\\\/dinarholdinggroup.com\\\/\",\"name\":\"dinar holding group\",\"description\":\"\u062f\u064a\u0646\u0627\u0631 \u0627\u0644\u0642\u0627\u0628\u0636\u0629: \u0631\u0624\u064a\u0629 \u0627\u0633\u062a\u062b\u0645\u0627\u0631\u064a\u0629 \u0637\u0645\u0648\u062d\u0629 \u0641\u064a \u0642\u0644\u0628 \u0627\u0644\u0627\u0642\u062a\u0635\u0627\u062f \u0627\u0644\u062a\u0631\u06a9\u064a \u0648\u0627\u0644\u0645\u0646\u0637\u0642\u0629\",\"publisher\":{\"@id\":\"https:\\\/\\\/dinarholdinggroup.com\\\/#organization\"},\"potentialAction\":[{\"@type\":\"SearchAction\",\"target\":{\"@type\":\"EntryPoint\",\"urlTemplate\":\"https:\\\/\\\/dinarholdinggroup.com\\\/?s={search_term_string}\"},\"query-input\":{\"@type\":\"PropertyValueSpecification\",\"valueRequired\":true,\"valueName\":\"search_term_string\"}}],\"inLanguage\":\"tr\"},{\"@type\":\"Organization\",\"@id\":\"https:\\\/\\\/dinarholdinggroup.com\\\/#organization\",\"name\":\"dinar holding group\",\"url\":\"https:\\\/\\\/dinarholdinggroup.com\\\/\",\"logo\":{\"@type\":\"ImageObject\",\"inLanguage\":\"tr\",\"@id\":\"https:\\\/\\\/dinarholdinggroup.com\\\/#\\\/schema\\\/logo\\\/image\\\/\",\"url\":\"https:\\\/\\\/dinarholdinggroup.com\\\/wp-content\\\/uploads\\\/2026\\\/01\\\/cropped-cropped-Black-Orange-Modern-Creative-Initial-AW-Letter-Logo.png\",\"contentUrl\":\"https:\\\/\\\/dinarholdinggroup.com\\\/wp-content\\\/uploads\\\/2026\\\/01\\\/cropped-cropped-Black-Orange-Modern-Creative-Initial-AW-Letter-Logo.png\",\"width\":1563,\"height\":1563,\"caption\":\"dinar holding group\"},\"image\":{\"@id\":\"https:\\\/\\\/dinarholdinggroup.com\\\/#\\\/schema\\\/logo\\\/image\\\/\"}}]}<\/script>\n<!-- \/ Yoast SEO plugin. -->","yoast_head_json":{"title":"Dinar Holding Grubu","description":"Dinar Holding Group is an investment and holding company operating in real estate, tourism, medical, and investment services","robots":{"index":"index","follow":"follow","max-snippet":"max-snippet:-1","max-image-preview":"max-image-preview:large","max-video-preview":"max-video-preview:-1"},"canonical":"https:\/\/dinarholdinggroup.com\/tr\/dinar-holding-group\/","og_locale":"tr_TR","og_type":"article","og_title":"Dinar Holding Group","og_description":"Dinar Holding Group is an investment and holding company operating in real estate, tourism, medical, and investment services","og_url":"https:\/\/dinarholdinggroup.com\/tr\/dinar-holding-group\/","og_site_name":"dinar holding group","article_modified_time":"2026-02-27T21:22:39+00:00","og_image":[{"url":"https:\/\/dinarholdinggroup.com\/wp-content\/uploads\/2026\/01\/pexels-julianverafilm-3828833-scaled.jpg","type":"","width":"","height":""}],"twitter_card":"summary_large_image","twitter_misc":{"Tahmini okuma s\u00fcresi":"2 dakika"},"schema":{"@context":"https:\/\/schema.org","@graph":[{"@type":"WebPage","@id":"https:\/\/dinarholdinggroup.com\/dinar-holding-group\/","url":"https:\/\/dinarholdinggroup.com\/dinar-holding-group\/","name":"Dinar Holding Grubu","isPartOf":{"@id":"https:\/\/dinarholdinggroup.com\/#website"},"primaryImageOfPage":{"@id":"https:\/\/dinarholdinggroup.com\/dinar-holding-group\/#primaryimage"},"image":{"@id":"https:\/\/dinarholdinggroup.com\/dinar-holding-group\/#primaryimage"},"thumbnailUrl":"https:\/\/dinarholdinggroup.com\/wp-content\/uploads\/2026\/01\/pexels-julianverafilm-3828833-scaled.jpg","datePublished":"2026-01-27T12:48:54+00:00","dateModified":"2026-02-27T21:22:39+00:00","description":"Dinar Holding Group is an investment and holding company operating in real estate, tourism, medical, and investment services","breadcrumb":{"@id":"https:\/\/dinarholdinggroup.com\/dinar-holding-group\/#breadcrumb"},"inLanguage":"tr","potentialAction":[{"@type":"ReadAction","target":["https:\/\/dinarholdinggroup.com\/dinar-holding-group\/"]}]},{"@type":"ImageObject","inLanguage":"tr","@id":"https:\/\/dinarholdinggroup.com\/dinar-holding-group\/#primaryimage","url":"https:\/\/dinarholdinggroup.com\/wp-content\/uploads\/2026\/01\/pexels-julianverafilm-3828833-scaled.jpg","contentUrl":"https:\/\/dinarholdinggroup.com\/wp-content\/uploads\/2026\/01\/pexels-julianverafilm-3828833-scaled.jpg"},{"@type":"BreadcrumbList","@id":"https:\/\/dinarholdinggroup.com\/dinar-holding-group\/#breadcrumb","itemListElement":[{"@type":"ListItem","position":1,"name":"Home","item":"https:\/\/dinarholdinggroup.com\/"},{"@type":"ListItem","position":2,"name":"About d\u0131nar"}]},{"@type":"WebSite","@id":"https:\/\/dinarholdinggroup.com\/#website","url":"https:\/\/dinarholdinggroup.com\/","name":"dinar holding group","description":"\u062f\u064a\u0646\u0627\u0631 \u0627\u0644\u0642\u0627\u0628\u0636\u0629: \u0631\u0624\u064a\u0629 \u0627\u0633\u062a\u062b\u0645\u0627\u0631\u064a\u0629 \u0637\u0645\u0648\u062d\u0629 \u0641\u064a \u0642\u0644\u0628 \u0627\u0644\u0627\u0642\u062a\u0635\u0627\u062f \u0627\u0644\u062a\u0631\u06a9\u064a \u0648\u0627\u0644\u0645\u0646\u0637\u0642\u0629","publisher":{"@id":"https:\/\/dinarholdinggroup.com\/#organization"},"potentialAction":[{"@type":"SearchAction","target":{"@type":"EntryPoint","urlTemplate":"https:\/\/dinarholdinggroup.com\/?s={search_term_string}"},"query-input":{"@type":"PropertyValueSpecification","valueRequired":true,"valueName":"search_term_string"}}],"inLanguage":"tr"},{"@type":"Organization","@id":"https:\/\/dinarholdinggroup.com\/#organization","name":"dinar holding group","url":"https:\/\/dinarholdinggroup.com\/","logo":{"@type":"ImageObject","inLanguage":"tr","@id":"https:\/\/dinarholdinggroup.com\/#\/schema\/logo\/image\/","url":"https:\/\/dinarholdinggroup.com\/wp-content\/uploads\/2026\/01\/cropped-cropped-Black-Orange-Modern-Creative-Initial-AW-Letter-Logo.png","contentUrl":"https:\/\/dinarholdinggroup.com\/wp-content\/uploads\/2026\/01\/cropped-cropped-Black-Orange-Modern-Creative-Initial-AW-Letter-Logo.png","width":1563,"height":1563,"caption":"dinar holding group"},"image":{"@id":"https:\/\/dinarholdinggroup.com\/#\/schema\/logo\/image\/"}}]}},"_links":{"self":[{"href":"https:\/\/dinarholdinggroup.com\/tr\/wp-json\/wp\/v2\/pages\/541","targetHints":{"allow":["GET"]}}],"collection":[{"href":"https:\/\/dinarholdinggroup.com\/tr\/wp-json\/wp\/v2\/pages"}],"about":[{"href":"https:\/\/dinarholdinggroup.com\/tr\/wp-json\/wp\/v2\/types\/page"}],"author":[{"embeddable":true,"href":"https:\/\/dinarholdinggroup.com\/tr\/wp-json\/wp\/v2\/users\/1"}],"replies":[{"embeddable":true,"href":"https:\/\/dinarholdinggroup.com\/tr\/wp-json\/wp\/v2\/comments?post=541"}],"version-history":[{"count":25,"href":"https:\/\/dinarholdinggroup.com\/tr\/wp-json\/wp\/v2\/pages\/541\/revisions"}],"predecessor-version":[{"id":2482,"href":"https:\/\/dinarholdinggroup.com\/tr\/wp-json\/wp\/v2\/pages\/541\/revisions\/2482"}],"wp:attachment":[{"href":"https:\/\/dinarholdinggroup.com\/tr\/wp-json\/wp\/v2\/media?parent=541"}],"curies":[{"name":"wp","href":"https:\/\/api.w.org\/{rel}","templated":true}]}}